{"id":2316,"date":"2025-06-22T09:23:46","date_gmt":"2025-06-22T09:23:46","guid":{"rendered":"https:\/\/ofdm.pcen.pl\/?page_id=2316"},"modified":"2025-06-22T11:12:55","modified_gmt":"2025-06-22T11:12:55","slug":"czerwone-maki","status":"publish","type":"page","link":"https:\/\/ofdm.pcen.pl\/index.php\/czerwone-maki\/","title":{"rendered":"Czerwone Maki"},"content":{"rendered":"\t\t<div data-elementor-type=\"wp-page\" data-elementor-id=\"2316\" class=\"elementor elementor-2316\">\n\t\t\t\t\t\t<section class=\"elementor-section elementor-top-section elementor-element elementor-element-1d8fada elementor-section-boxed elementor-section-height-default elementor-section-height-default\" data-id=\"1d8fada\" data-element_type=\"section\" data-e-type=\"section\">\n\t\t\t\t\t\t<div class=\"elementor-container elementor-column-gap-default\">\n\t\t\t\t\t<div class=\"elementor-column elementor-col-100 elementor-top-column elementor-element elementor-element-eedf9f1\" data-id=\"eedf9f1\" data-element_type=\"column\" data-e-type=\"column\">\n\t\t\t<div class=\"elementor-widget-wrap elementor-element-populated\">\n\t\t\t\t\t\t<section class=\"elementor-section elementor-inner-section elementor-element elementor-element-050399f elementor-section-boxed elementor-section-height-default elementor-section-height-default\" data-id=\"050399f\" data-element_type=\"section\" data-e-type=\"section\">\n\t\t\t\t\t\t<div class=\"elementor-container elementor-column-gap-default\">\n\t\t\t\t\t<div class=\"elementor-column elementor-col-50 elementor-inner-column elementor-element elementor-element-c08c625\" data-id=\"c08c625\" data-element_type=\"column\" data-e-type=\"column\">\n\t\t\t<div class=\"elementor-widget-wrap elementor-element-populated\">\n\t\t\t\t\t\t<div class=\"elementor-element elementor-element-55bbdee elementor-widget elementor-widget-heading\" data-id=\"55bbdee\" data-element_type=\"widget\" data-e-type=\"widget\" data-widget_type=\"heading.default\">\n\t\t\t\t<div class=\"elementor-widget-container\">\n\t\t\t\t\t<h2 class=\"elementor-heading-title elementor-size-default\">HISTORIA KT\u00d3RA PORUSZA ...<\/h2>\t\t\t\t<\/div>\n\t\t\t\t<\/div>\n\t\t\t\t\t<\/div>\n\t\t<\/div>\n\t\t\t\t<div class=\"elementor-column elementor-col-50 elementor-inner-column elementor-element elementor-element-bc5784d\" data-id=\"bc5784d\" data-element_type=\"column\" data-e-type=\"column\">\n\t\t\t<div class=\"elementor-widget-wrap\">\n\t\t\t\t\t\t\t<\/div>\n\t\t<\/div>\n\t\t\t\t\t<\/div>\n\t\t<\/section>\n\t\t\t\t\t<\/div>\n\t\t<\/div>\n\t\t\t\t\t<\/div>\n\t\t<\/section>\n\t\t\t\t<section class=\"elementor-section elementor-top-section elementor-element elementor-element-01002cd elementor-section-boxed elementor-section-height-default elementor-section-height-default\" data-id=\"01002cd\" data-element_type=\"section\" data-e-type=\"section\">\n\t\t\t\t\t\t<div class=\"elementor-container elementor-column-gap-default\">\n\t\t\t\t\t<div class=\"elementor-column elementor-col-100 elementor-top-column elementor-element elementor-element-414bc92\" data-id=\"414bc92\" data-element_type=\"column\" data-e-type=\"column\">\n\t\t\t<div class=\"elementor-widget-wrap elementor-element-populated\">\n\t\t\t\t\t\t<div class=\"elementor-element elementor-element-0d309a5 elementor-widget elementor-widget-text-editor\" data-id=\"0d309a5\" data-element_type=\"widget\" data-e-type=\"widget\" data-widget_type=\"text-editor.default\">\n\t\t\t\t<div class=\"elementor-widget-container\">\n\t\t\t\t\t\t\t\t\t<p data-start=\"131\" data-end=\"645\"><strong data-start=\"134\" data-end=\"212\">\u201eCzerwone Maki\u201d \u2013 edukacja historyczna i artystyczna w nowoczesnym wydaniu<\/strong><br data-start=\"212\" data-end=\"215\" \/>Serdecznie zapraszamy nauczycieli, wychowawc\u00f3w oraz edukator\u00f3w do skorzystania z materia\u0142\u00f3w metodycznych opartych na cyklu filmowym \u201eCzerwone Maki\u201d przygotowanym przez zesp\u00f3\u0142 Doradc\u00f3w Metodycznych przy PZPW PCEN w Rzeszowie. Zaproszeni go\u015bcie: <b>Andrzej Marzec &#8211; Prezes Fundacji Monte Cassino<\/b> oraz <b>mi\u0142o\u015bnik historii i wiedzy o losach \u017co\u0142nierzy II Korpusu\u00a0 Adam Jakubiec<\/b>\u00a0opowiadaj\u0105 z pe\u0142nym zaanga\u017cowaniem histori\u0119 z przed 80 lat &#8211; powstawania, bojowego szlaku II Korpusu , oraz najkrwawszej bitwy II Wojny \u015awiatowej\u00a0 &#8211; Bitwy i zdobycia Monte Cassino. Projekt ten w wyj\u0105tkowy spos\u00f3b \u0142\u0105czy histori\u0119, literatur\u0119, muzyk\u0119 oraz nowoczesne media, przybli\u017caj\u0105c uczniom wydarzenia zwi\u0105zane z bitw\u0105 o Monte Cassino i kultowym utworem patriotycznym Feliksa Konarskiego.\u00a0<span style=\"font-size: 14px;\">Materia\u0142y zosta\u0142y opracowane z my\u015bl\u0105 o prowadzeniu zaj\u0119\u0107 interdyscyplinarnych \u2013 \u0142\u0105cz\u0105cych j\u0119zyk polski, histori\u0119, muzyk\u0119 i edukacj\u0119 medialn\u0105 \u2013 na r\u00f3\u017cnych etapach edukacyjnych. Oferujemy gotowe scenariusze, propozycje aktywno\u015bci uczniowskich, pytania do analizy oraz inspiracje do dzia\u0142a\u0144 tw\u00f3rczych.\u00a0<\/span><span style=\"font-size: 14px;\">Zach\u0119camy do wykorzystania tego materia\u0142u nie tylko podczas lekcji, ale tak\u017ce w ramach obchod\u00f3w rocznic historycznych, projekt\u00f3w patriotycznych i zaj\u0119\u0107 rozwijaj\u0105cych kompetencje kulturowe i spo\u0142eczne.<\/span><\/p><p data-start=\"131\" data-end=\"645\"><span style=\"font-size: 14px;\">Cztery odcinki oddajemy Pa\u0144stwu do wykorzystania na lekcjach &#8211; poni\u017cej proponujemy r\u00f3wnie\u017c scenariusze lekcji.\u00a0<\/span><\/p>\t\t\t\t\t\t\t\t<\/div>\n\t\t\t\t<\/div>\n\t\t\t\t\t<\/div>\n\t\t<\/div>\n\t\t\t\t\t<\/div>\n\t\t<\/section>\n\t\t\t\t<section class=\"elementor-section elementor-top-section elementor-element elementor-element-7c041d6 elementor-section-boxed elementor-section-height-default elementor-section-height-default\" data-id=\"7c041d6\" data-element_type=\"section\" data-e-type=\"section\">\n\t\t\t\t\t\t<div class=\"elementor-container elementor-column-gap-default\">\n\t\t\t\t\t<div class=\"elementor-column elementor-col-25 elementor-top-column elementor-element elementor-element-97c3f4d\" data-id=\"97c3f4d\" data-element_type=\"column\" data-e-type=\"column\">\n\t\t\t<div class=\"elementor-widget-wrap elementor-element-populated\">\n\t\t\t\t\t\t<div class=\"elementor-element elementor-element-13edc3d elementor-widget elementor-widget-video\" data-id=\"13edc3d\" data-element_type=\"widget\" data-e-type=\"widget\" data-settings=\"{&quot;youtube_url&quot;:&quot;https:\\\/\\\/www.youtube.com\\\/watch?v=rXj7BpmfOBU&amp;t=7s&quot;,&quot;video_type&quot;:&quot;youtube&quot;,&quot;controls&quot;:&quot;yes&quot;}\" data-widget_type=\"video.default\">\n\t\t\t\t<div class=\"elementor-widget-container\">\n\t\t\t\t\t\t\t<div class=\"elementor-wrapper elementor-open-inline\">\n\t\t\t<div class=\"elementor-video\"><\/div>\t\t<\/div>\n\t\t\t\t\t\t<\/div>\n\t\t\t\t<\/div>\n\t\t\t\t\t<\/div>\n\t\t<\/div>\n\t\t\t\t<div class=\"elementor-column elementor-col-25 elementor-top-column elementor-element elementor-element-99e32e1\" data-id=\"99e32e1\" data-element_type=\"column\" data-e-type=\"column\">\n\t\t\t<div class=\"elementor-widget-wrap elementor-element-populated\">\n\t\t\t\t\t\t<div class=\"elementor-element elementor-element-0ce3c56 elementor-widget elementor-widget-video\" data-id=\"0ce3c56\" data-element_type=\"widget\" data-e-type=\"widget\" data-settings=\"{&quot;youtube_url&quot;:&quot;https:\\\/\\\/www.youtube.com\\\/watch?v=wOYXDfAtu7Y&amp;t=7s&quot;,&quot;video_type&quot;:&quot;youtube&quot;,&quot;controls&quot;:&quot;yes&quot;}\" data-widget_type=\"video.default\">\n\t\t\t\t<div class=\"elementor-widget-container\">\n\t\t\t\t\t\t\t<div class=\"elementor-wrapper elementor-open-inline\">\n\t\t\t<div class=\"elementor-video\"><\/div>\t\t<\/div>\n\t\t\t\t\t\t<\/div>\n\t\t\t\t<\/div>\n\t\t\t\t\t<\/div>\n\t\t<\/div>\n\t\t\t\t<div class=\"elementor-column elementor-col-25 elementor-top-column elementor-element elementor-element-ff2f310\" data-id=\"ff2f310\" data-element_type=\"column\" data-e-type=\"column\">\n\t\t\t<div class=\"elementor-widget-wrap elementor-element-populated\">\n\t\t\t\t\t\t<div class=\"elementor-element elementor-element-98eb375 elementor-widget elementor-widget-video\" data-id=\"98eb375\" data-element_type=\"widget\" data-e-type=\"widget\" data-settings=\"{&quot;youtube_url&quot;:&quot;https:\\\/\\\/www.youtube.com\\\/watch?v=5RcLb8bhi5g&amp;t=593s&quot;,&quot;video_type&quot;:&quot;youtube&quot;,&quot;controls&quot;:&quot;yes&quot;}\" data-widget_type=\"video.default\">\n\t\t\t\t<div class=\"elementor-widget-container\">\n\t\t\t\t\t\t\t<div class=\"elementor-wrapper elementor-open-inline\">\n\t\t\t<div class=\"elementor-video\"><\/div>\t\t<\/div>\n\t\t\t\t\t\t<\/div>\n\t\t\t\t<\/div>\n\t\t\t\t\t<\/div>\n\t\t<\/div>\n\t\t\t\t<div class=\"elementor-column elementor-col-25 elementor-top-column elementor-element elementor-element-a29b396\" data-id=\"a29b396\" data-element_type=\"column\" data-e-type=\"column\">\n\t\t\t<div class=\"elementor-widget-wrap elementor-element-populated\">\n\t\t\t\t\t\t<div class=\"elementor-element elementor-element-f14a131 elementor-widget elementor-widget-video\" data-id=\"f14a131\" data-element_type=\"widget\" data-e-type=\"widget\" data-settings=\"{&quot;youtube_url&quot;:&quot;https:\\\/\\\/www.youtube.com\\\/watch?v=yhOkwHxXfG8&amp;t=73s&quot;,&quot;video_type&quot;:&quot;youtube&quot;,&quot;controls&quot;:&quot;yes&quot;}\" data-widget_type=\"video.default\">\n\t\t\t\t<div class=\"elementor-widget-container\">\n\t\t\t\t\t\t\t<div class=\"elementor-wrapper elementor-open-inline\">\n\t\t\t<div class=\"elementor-video\"><\/div>\t\t<\/div>\n\t\t\t\t\t\t<\/div>\n\t\t\t\t<\/div>\n\t\t\t\t\t<\/div>\n\t\t<\/div>\n\t\t\t\t\t<\/div>\n\t\t<\/section>\n\t\t\t\t<section class=\"elementor-section elementor-top-section elementor-element elementor-element-7faf1ca elementor-section-boxed elementor-section-height-default elementor-section-height-default\" data-id=\"7faf1ca\" data-element_type=\"section\" data-e-type=\"section\">\n\t\t\t\t\t\t<div class=\"elementor-container elementor-column-gap-default\">\n\t\t\t\t\t<div class=\"elementor-column elementor-col-100 elementor-top-column elementor-element elementor-element-fbf49fe\" data-id=\"fbf49fe\" data-element_type=\"column\" data-e-type=\"column\">\n\t\t\t<div class=\"elementor-widget-wrap elementor-element-populated\">\n\t\t\t\t\t\t<div class=\"elementor-element elementor-element-a2487ef elementor-widget-divider--view-line elementor-widget elementor-widget-divider\" data-id=\"a2487ef\" data-element_type=\"widget\" data-e-type=\"widget\" data-widget_type=\"divider.default\">\n\t\t\t\t<div class=\"elementor-widget-container\">\n\t\t\t\t\t\t\t<div class=\"elementor-divider\">\n\t\t\t<span class=\"elementor-divider-separator\">\n\t\t\t\t\t\t<\/span>\n\t\t<\/div>\n\t\t\t\t\t\t<\/div>\n\t\t\t\t<\/div>\n\t\t\t\t\t<\/div>\n\t\t<\/div>\n\t\t\t\t\t<\/div>\n\t\t<\/section>\n\t\t\t\t<section class=\"elementor-section elementor-top-section elementor-element elementor-element-12276d1 elementor-section-boxed elementor-section-height-default elementor-section-height-default\" data-id=\"12276d1\" data-element_type=\"section\" data-e-type=\"section\">\n\t\t\t\t\t\t<div class=\"elementor-container elementor-column-gap-default\">\n\t\t\t\t\t<div class=\"elementor-column elementor-col-100 elementor-top-column elementor-element elementor-element-75cb53a\" data-id=\"75cb53a\" data-element_type=\"column\" data-e-type=\"column\">\n\t\t\t<div class=\"elementor-widget-wrap elementor-element-populated\">\n\t\t\t\t\t\t<div class=\"elementor-element elementor-element-15cdf8c elementor-widget elementor-widget-heading\" data-id=\"15cdf8c\" data-element_type=\"widget\" data-e-type=\"widget\" data-widget_type=\"heading.default\">\n\t\t\t\t<div class=\"elementor-widget-container\">\n\t\t\t\t\t<h2 class=\"elementor-heading-title elementor-size-default\">SCENARIUSZE LEKCJI<\/h2>\t\t\t\t<\/div>\n\t\t\t\t<\/div>\n\t\t\t\t\t<\/div>\n\t\t<\/div>\n\t\t\t\t\t<\/div>\n\t\t<\/section>\n\t\t\t\t<section class=\"elementor-section elementor-top-section elementor-element elementor-element-bfc49c8 elementor-section-boxed elementor-section-height-default elementor-section-height-default\" data-id=\"bfc49c8\" data-element_type=\"section\" data-e-type=\"section\">\n\t\t\t\t\t\t<div class=\"elementor-container elementor-column-gap-default\">\n\t\t\t\t\t<div class=\"elementor-column elementor-col-33 elementor-top-column elementor-element elementor-element-642a77b\" data-id=\"642a77b\" data-element_type=\"column\" data-e-type=\"column\">\n\t\t\t<div class=\"elementor-widget-wrap elementor-element-populated\">\n\t\t\t\t\t\t<div class=\"elementor-element elementor-element-07d2e00 elementor-widget__width-initial elementor-widget elementor-widget-button\" data-id=\"07d2e00\" data-element_type=\"widget\" data-e-type=\"widget\" data-widget_type=\"button.default\">\n\t\t\t\t<div class=\"elementor-widget-container\">\n\t\t\t\t\t\t\t\t\t<div class=\"elementor-button-wrapper\">\n\t\t\t\t\t<a class=\"elementor-button elementor-button-link elementor-size-sm\" href=\"https:\/\/ofdm.pcen.pl\/wp-content\/uploads\/2025\/06\/SCENARIUSZ-LEKCJI.pdf\">\n\t\t\t\t\t\t<span class=\"elementor-button-content-wrapper\">\n\t\t\t\t\t\t<span class=\"elementor-button-icon\">\n\t\t\t\t<i aria-hidden=\"true\" class=\"far fa-arrow-alt-circle-down\"><\/i>\t\t\t<\/span>\n\t\t\t\t\t\t\t\t\t<span class=\"elementor-button-text\">KONTEKST HISTORYCZNY UTWORU<\/span>\n\t\t\t\t\t<\/span>\n\t\t\t\t\t<\/a>\n\t\t\t\t<\/div>\n\t\t\t\t\t\t\t\t<\/div>\n\t\t\t\t<\/div>\n\t\t\t\t\t<\/div>\n\t\t<\/div>\n\t\t\t\t<div class=\"elementor-column elementor-col-33 elementor-top-column elementor-element elementor-element-33700bf\" data-id=\"33700bf\" data-element_type=\"column\" data-e-type=\"column\">\n\t\t\t<div class=\"elementor-widget-wrap elementor-element-populated\">\n\t\t\t\t\t\t<div class=\"elementor-element elementor-element-0888cfa elementor-align-center elementor-widget__width-initial elementor-widget elementor-widget-button\" data-id=\"0888cfa\" data-element_type=\"widget\" data-e-type=\"widget\" data-widget_type=\"button.default\">\n\t\t\t\t<div class=\"elementor-widget-container\">\n\t\t\t\t\t\t\t\t\t<div class=\"elementor-button-wrapper\">\n\t\t\t\t\t<a class=\"elementor-button elementor-button-link elementor-size-sm\" href=\"https:\/\/ofdm.pcen.pl\/wp-content\/uploads\/2025\/06\/Dokument-jako-zrodlo-historyczne.pdf\">\n\t\t\t\t\t\t<span class=\"elementor-button-content-wrapper\">\n\t\t\t\t\t\t<span class=\"elementor-button-icon\">\n\t\t\t\t<i aria-hidden=\"true\" class=\"far fa-arrow-alt-circle-down\"><\/i>\t\t\t<\/span>\n\t\t\t\t\t\t\t\t\t<span class=\"elementor-button-text\">               DOKUMENT JAKO \u0179R\u00d3D\u0141O HISTORYCZNE                                 <\/span>\n\t\t\t\t\t<\/span>\n\t\t\t\t\t<\/a>\n\t\t\t\t<\/div>\n\t\t\t\t\t\t\t\t<\/div>\n\t\t\t\t<\/div>\n\t\t\t\t\t<\/div>\n\t\t<\/div>\n\t\t\t\t<div class=\"elementor-column elementor-col-33 elementor-top-column elementor-element elementor-element-e395dfb\" data-id=\"e395dfb\" data-element_type=\"column\" data-e-type=\"column\">\n\t\t\t<div class=\"elementor-widget-wrap elementor-element-populated\">\n\t\t\t\t\t\t<div class=\"elementor-element elementor-element-60d5e17 elementor-widget elementor-widget-button\" data-id=\"60d5e17\" data-element_type=\"widget\" data-e-type=\"widget\" data-widget_type=\"button.default\">\n\t\t\t\t<div class=\"elementor-widget-container\">\n\t\t\t\t\t\t\t\t\t<div class=\"elementor-button-wrapper\">\n\t\t\t\t\t<a class=\"elementor-button elementor-button-link elementor-size-sm\" href=\"https:\/\/ofdm.pcen.pl\/wp-content\/uploads\/2025\/06\/nASZA-wERSJA-cZERWONYCH-mAKOW.pdf\">\n\t\t\t\t\t\t<span class=\"elementor-button-content-wrapper\">\n\t\t\t\t\t\t\t\t\t<span class=\"elementor-button-text\">NASZA WERSJA CZERWONYCH MAK\u00d3W<\/span>\n\t\t\t\t\t<\/span>\n\t\t\t\t\t<\/a>\n\t\t\t\t<\/div>\n\t\t\t\t\t\t\t\t<\/div>\n\t\t\t\t<\/div>\n\t\t\t\t\t<\/div>\n\t\t<\/div>\n\t\t\t\t\t<\/div>\n\t\t<\/section>\n\t\t\t\t<section class=\"elementor-section elementor-top-section elementor-element elementor-element-9f6462b elementor-section-boxed elementor-section-height-default elementor-section-height-default\" data-id=\"9f6462b\" data-element_type=\"section\" data-e-type=\"section\">\n\t\t\t\t\t\t<div class=\"elementor-container elementor-column-gap-default\">\n\t\t\t\t\t<div class=\"elementor-column elementor-col-100 elementor-top-column elementor-element elementor-element-5627938\" data-id=\"5627938\" data-element_type=\"column\" data-e-type=\"column\">\n\t\t\t<div class=\"elementor-widget-wrap\">\n\t\t\t\t\t\t\t<\/div>\n\t\t<\/div>\n\t\t\t\t\t<\/div>\n\t\t<\/section>\n\t\t\t\t<\/div>\n\t\t","protected":false},"excerpt":{"rendered":"<p>HISTORIA KT\u00d3RA PORUSZA &#8230; \u201eCzerwone Maki\u201d \u2013 edukacja historyczna i artystyczna w nowoczesnym wydaniuSerdecznie zapraszamy nauczycieli, wychowawc\u00f3w oraz edukator\u00f3w do skorzystania z materia\u0142\u00f3w metodycznych opartych na cyklu filmowym \u201eCzerwone Maki\u201d przygotowanym przez zesp\u00f3\u0142 Doradc\u00f3w Metodycznych przy PZPW PCEN w Rzeszowie. Zaproszeni go\u015bcie: Andrzej Marzec &#8211; Prezes Fundacji Monte Cassino oraz mi\u0142o\u015bnik historii i wiedzy o [&hellip;]<\/p>\n","protected":false},"author":2,"featured_media":0,"parent":0,"menu_order":0,"comment_status":"closed","ping_status":"closed","template":"elementor_header_footer","meta":{"_uag_custom_page_level_css":"","footnotes":""},"class_list":["post-2316","page","type-page","status-publish","hentry"],"uagb_featured_image_src":{"full":false,"thumbnail":false,"medium":false,"medium_large":false,"large":false,"1536x1536":false,"2048x2048":false,"cvmm-medium":false,"cvmm-medium-plus":false,"cvmm-portrait":false,"cvmm-medium-square":false,"cvmm-large":false,"cvmm-small":false,"news-portal-block-medium":false,"news-portal-block-thumb":false,"news-portal-slider-medium":false,"news-portal-carousel-portrait":false,"news-portal-alternate-grid":false},"uagb_author_info":{"display_name":"Wojciech Jakubiec","author_link":"https:\/\/ofdm.pcen.pl\/index.php\/author\/wjakubiec\/"},"uagb_comment_info":0,"uagb_excerpt":"HISTORIA KT\u00d3RA PORUSZA &#8230; \u201eCzerwone Maki\u201d \u2013 edukacja historyczna i artystyczna w nowoczesnym wydaniuSerdecznie zapraszamy nauczycieli, wychowawc\u00f3w oraz edukator\u00f3w do skorzystania z materia\u0142\u00f3w metodycznych opartych na cyklu filmowym \u201eCzerwone Maki\u201d przygotowanym przez zesp\u00f3\u0142 Doradc\u00f3w Metodycznych przy PZPW PCEN w Rzeszowie. Zaproszeni go\u015bcie: Andrzej Marzec &#8211; Prezes Fundacji Monte Cassino oraz mi\u0142o\u015bnik historii i wiedzy o&hellip;","blog_post_layout_featured_media_urls":{"thumbnail":"","full":""},"categories_names":null,"comments_number":"0","wpmagazine_modules_lite_featured_media_urls":{"thumbnail":"","cvmm-medium":"","cvmm-medium-plus":"","cvmm-portrait":"","cvmm-medium-square":"","cvmm-large":"","cvmm-small":"","full":""},"_links":{"self":[{"href":"https:\/\/ofdm.pcen.pl\/index.php\/wp-json\/wp\/v2\/pages\/2316","targetHints":{"allow":["GET"]}}],"collection":[{"href":"https:\/\/ofdm.pcen.pl\/index.php\/wp-json\/wp\/v2\/pages"}],"about":[{"href":"https:\/\/ofdm.pcen.pl\/index.php\/wp-json\/wp\/v2\/types\/page"}],"author":[{"embeddable":true,"href":"https:\/\/ofdm.pcen.pl\/index.php\/wp-json\/wp\/v2\/users\/2"}],"replies":[{"embeddable":true,"href":"https:\/\/ofdm.pcen.pl\/index.php\/wp-json\/wp\/v2\/comments?post=2316"}],"version-history":[{"count":58,"href":"https:\/\/ofdm.pcen.pl\/index.php\/wp-json\/wp\/v2\/pages\/2316\/revisions"}],"predecessor-version":[{"id":2389,"href":"https:\/\/ofdm.pcen.pl\/index.php\/wp-json\/wp\/v2\/pages\/2316\/revisions\/2389"}],"wp:attachment":[{"href":"https:\/\/ofdm.pcen.pl\/index.php\/wp-json\/wp\/v2\/media?parent=2316"}],"curies":[{"name":"wp","href":"https:\/\/api.w.org\/{rel}","templated":true}]}}