{"id":2070,"date":"2024-11-26T17:18:10","date_gmt":"2024-11-26T17:18:10","guid":{"rendered":"https:\/\/ofdm.pcen.pl\/?page_id=2070"},"modified":"2024-12-02T23:46:16","modified_gmt":"2024-12-02T23:46:16","slug":"mapa-migowa-podkarpacia","status":"publish","type":"page","link":"https:\/\/ofdm.pcen.pl\/index.php\/mapa-migowa-podkarpacia\/","title":{"rendered":"OFDM  Og\u00f3lnopolskie Forum Doradc\u00f3w Metodycznych"},"content":{"rendered":"\t\t<div data-elementor-type=\"wp-page\" data-elementor-id=\"2070\" class=\"elementor elementor-2070\">\n\t\t\t\t\t\t<section class=\"elementor-section elementor-top-section elementor-element elementor-element-05ed6e3 elementor-section-full_width elementor-section-content-top elementor-section-height-default elementor-section-height-default\" data-id=\"05ed6e3\" data-element_type=\"section\" data-e-type=\"section\">\n\t\t\t\t\t\t<div class=\"elementor-container elementor-column-gap-default\">\n\t\t\t\t\t<div class=\"elementor-column elementor-col-25 elementor-top-column elementor-element elementor-element-9c2af79\" data-id=\"9c2af79\" data-element_type=\"column\" data-e-type=\"column\">\n\t\t\t<div class=\"elementor-widget-wrap elementor-element-populated\">\n\t\t\t\t\t\t<div class=\"elementor-element elementor-element-d58ac86 elementor-widget elementor-widget-image\" data-id=\"d58ac86\" data-element_type=\"widget\" data-e-type=\"widget\" data-widget_type=\"image.default\">\n\t\t\t\t<div class=\"elementor-widget-container\">\n\t\t\t\t\t\t\t\t\t\t\t\t\t\t\t<img decoding=\"async\" width=\"107\" height=\"128\" src=\"https:\/\/ofdm.pcen.pl\/wp-content\/uploads\/2024\/12\/o-1.png\" class=\"attachment-1536x1536 size-1536x1536 wp-image-2267\" alt=\"\" \/>\t\t\t\t\t\t\t\t\t\t\t\t\t\t\t<\/div>\n\t\t\t\t<\/div>\n\t\t\t\t\t<\/div>\n\t\t<\/div>\n\t\t\t\t<div class=\"elementor-column elementor-col-25 elementor-top-column elementor-element elementor-element-ec8bdfb\" data-id=\"ec8bdfb\" data-element_type=\"column\" data-e-type=\"column\">\n\t\t\t<div class=\"elementor-widget-wrap elementor-element-populated\">\n\t\t\t\t\t\t<div class=\"elementor-element elementor-element-52d4d6c elementor-widget elementor-widget-image\" data-id=\"52d4d6c\" data-element_type=\"widget\" data-e-type=\"widget\" data-widget_type=\"image.default\">\n\t\t\t\t<div class=\"elementor-widget-container\">\n\t\t\t\t\t\t\t\t\t\t\t\t\t\t\t<img decoding=\"async\" width=\"104\" height=\"127\" src=\"https:\/\/ofdm.pcen.pl\/wp-content\/uploads\/2024\/12\/F-1.png\" class=\"attachment-large size-large wp-image-2268\" alt=\"\" \/>\t\t\t\t\t\t\t\t\t\t\t\t\t\t\t<\/div>\n\t\t\t\t<\/div>\n\t\t\t\t\t<\/div>\n\t\t<\/div>\n\t\t\t\t<div class=\"elementor-column elementor-col-25 elementor-top-column elementor-element elementor-element-6867f05\" data-id=\"6867f05\" data-element_type=\"column\" data-e-type=\"column\">\n\t\t\t<div class=\"elementor-widget-wrap elementor-element-populated\">\n\t\t\t\t\t\t<div class=\"elementor-element elementor-element-a46ad97 elementor-widget elementor-widget-image\" data-id=\"a46ad97\" data-element_type=\"widget\" data-e-type=\"widget\" data-widget_type=\"image.default\">\n\t\t\t\t<div class=\"elementor-widget-container\">\n\t\t\t\t\t\t\t\t\t\t\t\t\t\t\t<img decoding=\"async\" width=\"105\" height=\"127\" src=\"https:\/\/ofdm.pcen.pl\/wp-content\/uploads\/2024\/12\/D-1.png\" class=\"attachment-large size-large wp-image-2269\" alt=\"\" \/>\t\t\t\t\t\t\t\t\t\t\t\t\t\t\t<\/div>\n\t\t\t\t<\/div>\n\t\t\t\t\t<\/div>\n\t\t<\/div>\n\t\t\t\t<div class=\"elementor-column elementor-col-25 elementor-top-column elementor-element elementor-element-a0c545f\" data-id=\"a0c545f\" data-element_type=\"column\" data-e-type=\"column\">\n\t\t\t<div class=\"elementor-widget-wrap elementor-element-populated\">\n\t\t\t\t\t\t<div class=\"elementor-element elementor-element-d62213c elementor-widget elementor-widget-image\" data-id=\"d62213c\" data-element_type=\"widget\" data-e-type=\"widget\" data-widget_type=\"image.default\">\n\t\t\t\t<div class=\"elementor-widget-container\">\n\t\t\t\t\t\t\t\t\t\t\t\t\t\t\t<img loading=\"lazy\" decoding=\"async\" width=\"106\" height=\"126\" src=\"https:\/\/ofdm.pcen.pl\/wp-content\/uploads\/2024\/12\/M-1.png\" class=\"attachment-large size-large wp-image-2270\" alt=\"\" \/>\t\t\t\t\t\t\t\t\t\t\t\t\t\t\t<\/div>\n\t\t\t\t<\/div>\n\t\t\t\t\t<\/div>\n\t\t<\/div>\n\t\t\t\t\t<\/div>\n\t\t<\/section>\n\t\t\t\t<section class=\"elementor-section elementor-top-section elementor-element elementor-element-413eebe elementor-section-full_width elementor-section-height-default elementor-section-height-default\" data-id=\"413eebe\" data-element_type=\"section\" data-e-type=\"section\">\n\t\t\t\t\t\t<div class=\"elementor-container elementor-column-gap-default\">\n\t\t\t\t\t<div class=\"elementor-column elementor-col-100 elementor-top-column elementor-element elementor-element-f1e8982\" data-id=\"f1e8982\" data-element_type=\"column\" data-e-type=\"column\">\n\t\t\t<div class=\"elementor-widget-wrap elementor-element-populated\">\n\t\t\t\t\t\t<div class=\"elementor-element elementor-element-9d1b3e4 elementor-widget__width-initial elementor-tabs-view-horizontal elementor-widget elementor-widget-tabs\" data-id=\"9d1b3e4\" data-element_type=\"widget\" data-e-type=\"widget\" data-widget_type=\"tabs.default\">\n\t\t\t\t<div class=\"elementor-widget-container\">\n\t\t\t\t\t\t\t<div class=\"elementor-tabs\">\n\t\t\t<div class=\"elementor-tabs-wrapper\" role=\"tablist\" >\n\t\t\t\t\t\t\t\t\t<div id=\"elementor-tab-title-1641\" class=\"elementor-tab-title elementor-tab-desktop-title\" aria-selected=\"true\" data-tab=\"1\" role=\"tab\" tabindex=\"0\" aria-controls=\"elementor-tab-content-1641\" aria-expanded=\"false\">PROJEKT<\/div>\n\t\t\t\t\t\t\t\t\t<div id=\"elementor-tab-title-1642\" class=\"elementor-tab-title elementor-tab-desktop-title\" aria-selected=\"false\" data-tab=\"2\" role=\"tab\" tabindex=\"-1\" aria-controls=\"elementor-tab-content-1642\" aria-expanded=\"false\">KTO NAS WSPIERA<\/div>\n\t\t\t\t\t\t\t\t\t<div id=\"elementor-tab-title-1643\" class=\"elementor-tab-title elementor-tab-desktop-title\" aria-selected=\"false\" data-tab=\"3\" role=\"tab\" tabindex=\"-1\" aria-controls=\"elementor-tab-content-1643\" aria-expanded=\"false\">ALFABET PALCOWY<\/div>\n\t\t\t\t\t\t\t\t\t<div id=\"elementor-tab-title-1644\" class=\"elementor-tab-title elementor-tab-desktop-title\" aria-selected=\"false\" data-tab=\"4\" role=\"tab\" tabindex=\"-1\" aria-controls=\"elementor-tab-content-1644\" aria-expanded=\"false\">IDEA MIGOWEJ MAPY PODKARPACIA<\/div>\n\t\t\t\t\t\t\t<\/div>\n\t\t\t<div class=\"elementor-tabs-content-wrapper\" role=\"tablist\" aria-orientation=\"vertical\">\n\t\t\t\t\t\t\t\t\t<div class=\"elementor-tab-title elementor-tab-mobile-title\" aria-selected=\"true\" data-tab=\"1\" role=\"tab\" tabindex=\"0\" aria-controls=\"elementor-tab-content-1641\" aria-expanded=\"false\">PROJEKT<\/div>\n\t\t\t\t\t<div id=\"elementor-tab-content-1641\" class=\"elementor-tab-content elementor-clearfix\" data-tab=\"1\" role=\"tabpanel\" aria-labelledby=\"elementor-tab-title-1641\" tabindex=\"0\" hidden=\"false\"><div class=\"aju\"><div>&#8220;Migowa Mapa Podkarpacia&#8221; to projekt, kt\u00f3ry \u0142\u0105czy \u015bwiat ciszy ze \u015bwiatem d\u017awi\u0119k\u00f3w, wspiera osoby z niedos\u0142uchem, a tym, kt\u00f3rzy s\u0142ysz\u0105 pokazuje rzeczywisto\u015b\u0107 z troch\u0119 innej perspektywy.<\/div><div>To projekt, kt\u00f3ry prezentuje inny spos\u00f3b komunikacji, zach\u0119ca do kontaktu z drugim cz\u0142owiekiem, uczy empatii, burzy bariery, powoduje u\u015bmiech na twarzach.<\/div><div>\u00a0<\/div><div>Do\u0142\u0105czcie do nas.<\/div><div>\u00a0<\/div><div>Nagrajcie film, na kt\u00f3rym migacie nazw\u0119 swojej miejscowo\u015bci u\u017cywaj\u0105c alfabetu palcowego. Umie\u015bcie go kanale YouTube zaznaczaj\u0105c opcj\u0119: publiczny. Na adres\u00a0<strong><a href=\"mailto:wojciech.jakubiec@pzpw.pl\" target=\"_blank\" rel=\"noopener\">wjakubiec@pzpw.pl<\/a><\/strong>\u00a0wy\u015blijcie link do swojego filmu w tytule wpisuj\u0105c nazw\u0119 miejscowo\u015bci. Otw\u00f3rzcie nasz\u0105 &#8220;Map\u0119&#8221; i do\u0142\u0105czcie do zabawy.<\/div><div class=\"aCi\">\u00a0<\/div><\/div><div class=\"gs\"><div class=\"\"><div id=\":rp\" class=\"ii gt\"><div id=\":rq\" class=\"a3s aiL msg-4323674584107304323\"><div dir=\"ltr\">\u00a0<\/div><\/div><\/div><\/div><\/div><\/div>\n\t\t\t\t\t\t\t\t\t<div class=\"elementor-tab-title elementor-tab-mobile-title\" aria-selected=\"false\" data-tab=\"2\" role=\"tab\" tabindex=\"-1\" aria-controls=\"elementor-tab-content-1642\" aria-expanded=\"false\">KTO NAS WSPIERA<\/div>\n\t\t\t\t\t<div id=\"elementor-tab-content-1642\" class=\"elementor-tab-content elementor-clearfix\" data-tab=\"2\" role=\"tabpanel\" aria-labelledby=\"elementor-tab-title-1642\" tabindex=\"0\" hidden=\"hidden\"><p><img loading=\"lazy\" decoding=\"async\" class=\" wp-image-2228 alignleft\" src=\"https:\/\/ofdm.pcen.pl\/wp-content\/uploads\/2024\/12\/Olga-Bonczyk-177x300.jpg\" alt=\"\" width=\"163\" height=\"276\" srcset=\"https:\/\/ofdm.pcen.pl\/wp-content\/uploads\/2024\/12\/Olga-Bonczyk-177x300.jpg 177w, https:\/\/ofdm.pcen.pl\/wp-content\/uploads\/2024\/12\/Olga-Bonczyk.jpg 605w\" sizes=\"(max-width: 163px) 100vw, 163px\" \/>Nasz projekt, zyska\u0142 wielkie poparcie.\u00a0 Spotykamy si\u0119 z niezliczon\u0105 ilo\u015bci\u0105 ciep\u0142ych s\u0142\u00f3w uznania &#8211; tym bardziej g\u0142\u0119boko wierzymy, \u017ce nasze dzia\u0142anie jest celowe i s\u0142uszne.\u00a0 Takie poparcie wyra\u017ca r\u00f3wnie\u017c znana i ceniona aktorka, wolontariuszka Olga Bo\u0144czyk.<\/p><p>Olga Bo\u0144czyk oraz jej starszy brat przyszli na \u015bwiat w domu, w kt\u00f3rym oboje ich rodzic\u00f3w by\u0142o nies\u0142ysz\u0105cych. Cho\u0107 rodzina musia\u0142a razem stawi\u0107 czo\u0142a wielu trudno\u015bciom, dzi\u015b wokalistka z czu\u0142o\u015bci\u0105 wspomina czasy swojej wczesnej m\u0142odo\u015bci. \u201eMia\u0142am najlepsze dzieci\u0144stwo i nie zamieni\u0142abym go na \u017cadne inne\u201d, przyzna\u0142a w jednym z wywiad\u00f3w.\u00a0<a style=\"font-size: 13px; background-color: rgba(255, 255, 0, 0);\" href=\"https:\/\/youtube.com\/shorts\/N8e60e-Ryx4?feature=share\" target=\"_blank\" rel=\"noopener\">https:\/\/youtube.com\/shorts\/N8e60e-Ryx4?feature=share<\/a><\/p><\/div>\n\t\t\t\t\t\t\t\t\t<div class=\"elementor-tab-title elementor-tab-mobile-title\" aria-selected=\"false\" data-tab=\"3\" role=\"tab\" tabindex=\"-1\" aria-controls=\"elementor-tab-content-1643\" aria-expanded=\"false\">ALFABET PALCOWY<\/div>\n\t\t\t\t\t<div id=\"elementor-tab-content-1643\" class=\"elementor-tab-content elementor-clearfix\" data-tab=\"3\" role=\"tabpanel\" aria-labelledby=\"elementor-tab-title-1643\" tabindex=\"0\" hidden=\"hidden\"><p><a href=\"https:\/\/ofdm.pcen.pl\/index.php\/alfabet\/\" target=\"_blank\" rel=\"noopener\">WY\u015aWIETL W POWI\u0118KSZENIU<\/a><img loading=\"lazy\" decoding=\"async\" class=\"wp-image-2171 alignleft\" src=\"https:\/\/ofdm.pcen.pl\/wp-content\/uploads\/2024\/12\/polski-alfabet-palcowy-258x300.png\" alt=\"\" width=\"190\" height=\"220\" srcset=\"https:\/\/ofdm.pcen.pl\/wp-content\/uploads\/2024\/12\/polski-alfabet-palcowy-258x300.png 258w, https:\/\/ofdm.pcen.pl\/wp-content\/uploads\/2024\/12\/polski-alfabet-palcowy.png 640w\" sizes=\"(max-width: 190px) 100vw, 190px\" \/><\/p><\/div>\n\t\t\t\t\t\t\t\t\t<div class=\"elementor-tab-title elementor-tab-mobile-title\" aria-selected=\"false\" data-tab=\"4\" role=\"tab\" tabindex=\"-1\" aria-controls=\"elementor-tab-content-1644\" aria-expanded=\"false\">IDEA MIGOWEJ MAPY PODKARPACIA<\/div>\n\t\t\t\t\t<div id=\"elementor-tab-content-1644\" class=\"elementor-tab-content elementor-clearfix\" data-tab=\"4\" role=\"tabpanel\" aria-labelledby=\"elementor-tab-title-1644\" tabindex=\"0\" hidden=\"hidden\"><p style=\"font-weight: 400;\">Ide\u0105 projektu jest:<\/p><p style=\"font-weight: 400;\">&#8211; integracja m\u0142odzie\u017cy s\u0142ysz\u0105cej z osobami z niedos\u0142uchem<\/p><p style=\"font-weight: 400;\">&#8211; rozwijanie umiej\u0119tno\u015bci komunikacyjnych i interpersonalnych, nawi\u0105zywanie relacji, zacie\u015bnianie wi\u0119zi<\/p><p style=\"font-weight: 400;\">&#8211; otwarcie si\u0119 na drugiego cz\u0142owieka poprzez \u017cyczliwo\u015b\u0107 i empati\u0119<\/p><p style=\"font-weight: 400;\">&#8211; zacieranie dystansu pomi\u0119dzy osobami zdrowymi i tymi z niepe\u0142nosprawno\u015bci\u0105<\/p><p style=\"font-weight: 400;\">&#8211; opanowanie podstaw j\u0119zyka migowego<\/p><\/div>\n\t\t\t\t\t\t\t<\/div>\n\t\t<\/div>\n\t\t\t\t\t\t<\/div>\n\t\t\t\t<\/div>\n\t\t\t\t\t<\/div>\n\t\t<\/div>\n\t\t\t\t\t<\/div>\n\t\t<\/section>\n\t\t\t\t<section class=\"elementor-section elementor-top-section elementor-element elementor-element-a4a75d9 elementor-section-boxed elementor-section-height-default elementor-section-height-default\" data-id=\"a4a75d9\" data-element_type=\"section\" data-e-type=\"section\">\n\t\t\t\t\t\t<div class=\"elementor-container elementor-column-gap-default\">\n\t\t\t\t\t<div class=\"elementor-column elementor-col-50 elementor-top-column elementor-element elementor-element-584d35c\" data-id=\"584d35c\" data-element_type=\"column\" data-e-type=\"column\">\n\t\t\t<div class=\"elementor-widget-wrap elementor-element-populated\">\n\t\t\t\t\t\t<div class=\"elementor-element elementor-element-838a33f elementor-view-stacked elementor-absolute elementor-shape-circle elementor-widget elementor-widget-icon\" data-id=\"838a33f\" data-element_type=\"widget\" data-e-type=\"widget\" data-settings=\"{&quot;_position&quot;:&quot;absolute&quot;}\" data-widget_type=\"icon.default\">\n\t\t\t\t<div class=\"elementor-widget-container\">\n\t\t\t\t\t\t\t<div class=\"elementor-icon-wrapper\">\n\t\t\t<div class=\"elementor-icon\">\n\t\t\t<i aria-hidden=\"true\" class=\"fas fa-user-graduate\"><\/i>\t\t\t<\/div>\n\t\t<\/div>\n\t\t\t\t\t\t<\/div>\n\t\t\t\t<\/div>\n\t\t\t\t<div class=\"elementor-element elementor-element-9ec4ffc elementor-widget elementor-widget-text-editor\" data-id=\"9ec4ffc\" data-element_type=\"widget\" data-e-type=\"widget\" data-widget_type=\"text-editor.default\">\n\t\t\t\t<div class=\"elementor-widget-container\">\n\t\t\t\t\t\t\t\t\t<p>\u00a0<\/p><p>\u00a0<\/p><p>\u00a0<\/p><p>\u00a0<\/p><p style=\"text-align: center;\"><strong>UCZ SI\u0118 ALFABETU Z MART\u0104<\/strong><\/p>\t\t\t\t\t\t\t\t<\/div>\n\t\t\t\t<\/div>\n\t\t\t\t\t<\/div>\n\t\t<\/div>\n\t\t\t\t<div class=\"elementor-column elementor-col-50 elementor-top-column elementor-element elementor-element-7234e2a\" data-id=\"7234e2a\" data-element_type=\"column\" data-e-type=\"column\">\n\t\t\t<div class=\"elementor-widget-wrap elementor-element-populated\">\n\t\t\t\t\t\t<div class=\"elementor-element elementor-element-ce1168d elementor-widget elementor-widget-video\" data-id=\"ce1168d\" data-element_type=\"widget\" data-e-type=\"widget\" data-settings=\"{&quot;youtube_url&quot;:&quot;https:\\\/\\\/www.youtube.com\\\/watch?v=bAK8JWFXJjY&quot;,&quot;video_type&quot;:&quot;youtube&quot;,&quot;controls&quot;:&quot;yes&quot;}\" data-widget_type=\"video.default\">\n\t\t\t\t<div class=\"elementor-widget-container\">\n\t\t\t\t\t\t\t<div class=\"elementor-wrapper elementor-open-inline\">\n\t\t\t<div class=\"elementor-video\"><\/div>\t\t<\/div>\n\t\t\t\t\t\t<\/div>\n\t\t\t\t<\/div>\n\t\t\t\t\t<\/div>\n\t\t<\/div>\n\t\t\t\t\t<\/div>\n\t\t<\/section>\n\t\t\t\t<section class=\"elementor-section elementor-top-section elementor-element elementor-element-0d75d47 elementor-section-boxed elementor-section-height-default elementor-section-height-default\" data-id=\"0d75d47\" data-element_type=\"section\" data-e-type=\"section\">\n\t\t\t\t\t\t<div class=\"elementor-container elementor-column-gap-default\">\n\t\t\t\t\t<div class=\"elementor-column elementor-col-100 elementor-top-column elementor-element elementor-element-59bfc59\" data-id=\"59bfc59\" data-element_type=\"column\" data-e-type=\"column\">\n\t\t\t<div class=\"elementor-widget-wrap elementor-element-populated\">\n\t\t\t\t\t\t<div class=\"elementor-element elementor-element-895155f elementor-absolute elementor-view-framed elementor-widget__width-initial elementor-shape-circle elementor-widget elementor-widget-icon\" data-id=\"895155f\" data-element_type=\"widget\" data-e-type=\"widget\" data-settings=\"{&quot;_position&quot;:&quot;absolute&quot;}\" data-widget_type=\"icon.default\">\n\t\t\t\t<div class=\"elementor-widget-container\">\n\t\t\t\t\t\t\t<div class=\"elementor-icon-wrapper\">\n\t\t\t<a class=\"elementor-icon elementor-animation-pulse\" href=\"https:\/\/youtu.be\/Y7tp5OAswWU\" target=\"_blank\">\n\t\t\t<i aria-hidden=\"true\" class=\"fas fa-map-marker-alt\"><\/i>\t\t\t<\/a>\n\t\t<\/div>\n\t\t\t\t\t\t<\/div>\n\t\t\t\t<\/div>\n\t\t\t\t<div class=\"elementor-element elementor-element-6bddc96 elementor-widget elementor-widget-image\" data-id=\"6bddc96\" data-element_type=\"widget\" data-e-type=\"widget\" data-widget_type=\"image.default\">\n\t\t\t\t<div class=\"elementor-widget-container\">\n\t\t\t\t\t\t\t\t\t\t\t\t\t\t\t<img loading=\"lazy\" decoding=\"async\" width=\"640\" height=\"640\" src=\"https:\/\/ofdm.pcen.pl\/wp-content\/uploads\/2024\/11\/wojewodztwo-podkarpackie-miasta-powiaty.jpg\" class=\"attachment-large size-large wp-image-2080\" alt=\"\" srcset=\"https:\/\/ofdm.pcen.pl\/wp-content\/uploads\/2024\/11\/wojewodztwo-podkarpackie-miasta-powiaty.jpg 700w, https:\/\/ofdm.pcen.pl\/wp-content\/uploads\/2024\/11\/wojewodztwo-podkarpackie-miasta-powiaty-300x300.jpg 300w, https:\/\/ofdm.pcen.pl\/wp-content\/uploads\/2024\/11\/wojewodztwo-podkarpackie-miasta-powiaty-150x150.jpg 150w, https:\/\/ofdm.pcen.pl\/wp-content\/uploads\/2024\/11\/wojewodztwo-podkarpackie-miasta-powiaty-600x600.jpg 600w\" sizes=\"(max-width: 640px) 100vw, 640px\" \/>\t\t\t\t\t\t\t\t\t\t\t\t\t\t\t<\/div>\n\t\t\t\t<\/div>\n\t\t\t\t\t<\/div>\n\t\t<\/div>\n\t\t\t\t\t<\/div>\n\t\t<\/section>\n\t\t\t\t<\/div>\n\t\t","protected":false},"excerpt":{"rendered":"<p>PROJEKT KTO NAS WSPIERA ALFABET PALCOWY IDEA MIGOWEJ MAPY PODKARPACIA PROJEKT &#8220;Migowa Mapa Podkarpacia&#8221; to projekt, kt\u00f3ry \u0142\u0105czy \u015bwiat ciszy ze \u015bwiatem d\u017awi\u0119k\u00f3w, wspiera osoby z niedos\u0142uchem, a tym, kt\u00f3rzy s\u0142ysz\u0105 pokazuje rzeczywisto\u015b\u0107 z troch\u0119 innej perspektywy.To projekt, kt\u00f3ry prezentuje inny spos\u00f3b komunikacji, zach\u0119ca do kontaktu z drugim cz\u0142owiekiem, uczy empatii, burzy bariery, powoduje u\u015bmiech [&hellip;]<\/p>\n","protected":false},"author":2,"featured_media":0,"parent":0,"menu_order":0,"comment_status":"closed","ping_status":"closed","template":"","meta":{"_uag_custom_page_level_css":"","footnotes":""},"class_list":["post-2070","page","type-page","status-publish","hentry"],"uagb_featured_image_src":{"full":false,"thumbnail":false,"medium":false,"medium_large":false,"large":false,"1536x1536":false,"2048x2048":false,"cvmm-medium":false,"cvmm-medium-plus":false,"cvmm-portrait":false,"cvmm-medium-square":false,"cvmm-large":false,"cvmm-small":false,"news-portal-block-medium":false,"news-portal-block-thumb":false,"news-portal-slider-medium":false,"news-portal-carousel-portrait":false,"news-portal-alternate-grid":false},"uagb_author_info":{"display_name":"Wojciech Jakubiec","author_link":"https:\/\/ofdm.pcen.pl\/index.php\/author\/wjakubiec\/"},"uagb_comment_info":0,"uagb_excerpt":"PROJEKT KTO NAS WSPIERA ALFABET PALCOWY IDEA MIGOWEJ MAPY PODKARPACIA PROJEKT &#8220;Migowa Mapa Podkarpacia&#8221; to projekt, kt\u00f3ry \u0142\u0105czy \u015bwiat ciszy ze \u015bwiatem d\u017awi\u0119k\u00f3w, wspiera osoby z niedos\u0142uchem, a tym, kt\u00f3rzy s\u0142ysz\u0105 pokazuje rzeczywisto\u015b\u0107 z troch\u0119 innej perspektywy.To projekt, kt\u00f3ry prezentuje inny spos\u00f3b komunikacji, zach\u0119ca do kontaktu z drugim cz\u0142owiekiem, uczy empatii, burzy bariery, powoduje u\u015bmiech&hellip;","blog_post_layout_featured_media_urls":{"thumbnail":"","full":""},"categories_names":null,"comments_number":"0","wpmagazine_modules_lite_featured_media_urls":{"thumbnail":"","cvmm-medium":"","cvmm-medium-plus":"","cvmm-portrait":"","cvmm-medium-square":"","cvmm-large":"","cvmm-small":"","full":""},"_links":{"self":[{"href":"https:\/\/ofdm.pcen.pl\/index.php\/wp-json\/wp\/v2\/pages\/2070","targetHints":{"allow":["GET"]}}],"collection":[{"href":"https:\/\/ofdm.pcen.pl\/index.php\/wp-json\/wp\/v2\/pages"}],"about":[{"href":"https:\/\/ofdm.pcen.pl\/index.php\/wp-json\/wp\/v2\/types\/page"}],"author":[{"embeddable":true,"href":"https:\/\/ofdm.pcen.pl\/index.php\/wp-json\/wp\/v2\/users\/2"}],"replies":[{"embeddable":true,"href":"https:\/\/ofdm.pcen.pl\/index.php\/wp-json\/wp\/v2\/comments?post=2070"}],"version-history":[{"count":193,"href":"https:\/\/ofdm.pcen.pl\/index.php\/wp-json\/wp\/v2\/pages\/2070\/revisions"}],"predecessor-version":[{"id":2302,"href":"https:\/\/ofdm.pcen.pl\/index.php\/wp-json\/wp\/v2\/pages\/2070\/revisions\/2302"}],"wp:attachment":[{"href":"https:\/\/ofdm.pcen.pl\/index.php\/wp-json\/wp\/v2\/media?parent=2070"}],"curies":[{"name":"wp","href":"https:\/\/api.w.org\/{rel}","templated":true}]}}